{"id":402,"date":"2019-01-18T09:51:17","date_gmt":"2019-01-18T08:51:17","guid":{"rendered":"http:\/\/web3.s166.goserver.host\/?page_id=402"},"modified":"2022-05-25T13:57:37","modified_gmt":"2022-05-25T11:57:37","slug":"about-us","status":"publish","type":"page","link":"https:\/\/antonia-austria.at\/en\/about-us\/","title":{"rendered":"Memories of Antonia Thurner"},"content":{"rendered":"&#13;\n<h1 class=\"wp-block-heading\">&#8230;. Memories of Antonia Thurner<\/h1>&#13;\n&#13;\n<div class=\"wp-block-image\">&#13;\n<figure class=\"alignleft\"><img fetchpriority=\"high\" decoding=\"async\" width=\"267\" height=\"400\" class=\"wp-image-2798\" src=\"https:\/\/antonia-austria.at\/wp-content\/uploads\/2019\/11\/antonia_thurner.jpg\" alt=\"\" srcset=\"https:\/\/antonia-austria.at\/wp-content\/uploads\/2019\/11\/antonia_thurner.jpg 267w, https:\/\/antonia-austria.at\/wp-content\/uploads\/2019\/11\/antonia_thurner-200x300.jpg 200w\" sizes=\"(max-width: 267px) 100vw, 267px\" \/><\/figure>&#13;\n<\/div>&#13;\n&#13;\n<p>When the <strong>Pension Thurner <\/strong>was built in the years around 1930, Antonia and Hans Thurner chose the most beautiful place in the small village of <strong>Bruck<\/strong>.<br\/>Located in the center of the village, on a small south-facing slope, the house is beautifully situated, quiet and sunny, surrounded by meadows and fruit trees. With the opening of the Grossglockner High Alpine Road, Bruck became known as a starting point into the mountain world and a sought-after vacation resort. Even then, Zell am See and Kaprun were attractive destinations for excursions.<\/p>&#13;\n&#13;\n<p>Guests from all over Austria, Germany, Holland, etc. were our guests and enjoyed the &#8220;summer retreat&#8221; in the mountains at that time. Celebrities and political greats of the Austrian capital Vienna have been guests of the enthusiastic and ambitious landlady Antonia for many years.<\/p>&#13;\n&#13;\n<p>Subsequently, the son Fritz followed in the footsteps of his parents and built with his wife Gertraud the inn <strong>&#8220;Wei\u00dfes R\u00f6\u00dfl&#8221;<\/strong>, named after a former post station with horse changing.<br\/>At that time, rooms with running water were still the highest possible comfort and modern bathrooms in the distant future.<\/p>&#13;\n&#13;\n<p>In the 60s the first guests from Germany, Denmark and the Netherlands came to Austria and also to the Pinzgau for winter sports.<br\/>With air travel becoming increasingly popular, winter soon became more important than summer for local tourism in Salzburg, with ever-increasing numbers of skiers.<\/p>&#13;\n&#13;\n<p>Meanwhile, the European sports region is one of the most beautiful ski resorts in Austria and it guarantees snowmaking facilities and especially the glacier <strong>Kitzsteinhorn<\/strong> 100% snow reliability. With today&#8217;s uncertain snow conditions, this is an important factor when choosing a ski resort.<\/p>&#13;\n&#13;\n<div class=\"wp-block-image\">&#13;\n<figure class=\"alignright is-resized\"><img decoding=\"async\" class=\"wp-image-3861\" src=\"https:\/\/antonia-austria.at\/wp-content\/uploads\/2022\/04\/Elfi-und-Christine-Thurner-edited.jpg\" alt=\"\" width=\"389\" srcset=\"https:\/\/antonia-austria.at\/wp-content\/uploads\/2022\/04\/Elfi-und-Christine-Thurner-edited.jpg 666w, https:\/\/antonia-austria.at\/wp-content\/uploads\/2022\/04\/Elfi-und-Christine-Thurner-edited-300x300.jpg 300w, https:\/\/antonia-austria.at\/wp-content\/uploads\/2022\/04\/Elfi-und-Christine-Thurner-edited-150x150.jpg 150w\" sizes=\"(max-width: 666px) 100vw, 666px\" \/><\/figure>&#13;\n<\/div>&#13;\n&#13;\n<p>In the third generation, Elfi and Christine, the granddaughters of Antonia Thurner, have taken over the management of the houses.<br\/>The inn was converted into an apartment &#8211; pension. The spacious, sunny apartments leave guests amazed at what a comfortable vacation home they encounter.<br\/>It is in their ambition to offer families and groups a cozy, well-kept home with excellent value for money.<\/p>&#13;\n&#13;\n<p>Due to the close proximity to Zell am See and Kaprun, our apartments are ideally suited for summer and winter vacationers.<\/p>&#13;\n&#13;\n<p>&#8220;If you have a wish, let us know &#8211; we will do everything to make your vacation as beautiful as possible&#8221; &#8211; with this, the two sisters personally hand over the keys to your apartment.<span lang=\"DE\"> <\/span>&#8220;<\/p>&#13;\n","protected":false},"excerpt":{"rendered":"<p>&#13; &#8230;. Memories of Antonia Thurner &#13; &#13; When the Pension Thurner was built in the years around 1930, Antonia and Hans Thurner chose the most beautiful place in the [&hellip;]<\/p>\n","protected":false},"author":1,"featured_media":2797,"parent":0,"menu_order":0,"comment_status":"closed","ping_status":"closed","template":"","meta":{"inline_featured_image":false,"footnotes":""},"class_list":["post-402","page","type-page","status-publish","has-post-thumbnail","hentry"],"_links":{"self":[{"href":"https:\/\/antonia-austria.at\/en\/wp-json\/wp\/v2\/pages\/402","targetHints":{"allow":["GET"]}}],"collection":[{"href":"https:\/\/antonia-austria.at\/en\/wp-json\/wp\/v2\/pages"}],"about":[{"href":"https:\/\/antonia-austria.at\/en\/wp-json\/wp\/v2\/types\/page"}],"author":[{"embeddable":true,"href":"https:\/\/antonia-austria.at\/en\/wp-json\/wp\/v2\/users\/1"}],"replies":[{"embeddable":true,"href":"https:\/\/antonia-austria.at\/en\/wp-json\/wp\/v2\/comments?post=402"}],"version-history":[{"count":5,"href":"https:\/\/antonia-austria.at\/en\/wp-json\/wp\/v2\/pages\/402\/revisions"}],"predecessor-version":[{"id":7182,"href":"https:\/\/antonia-austria.at\/en\/wp-json\/wp\/v2\/pages\/402\/revisions\/7182"}],"wp:featuredmedia":[{"embeddable":true,"href":"https:\/\/antonia-austria.at\/en\/wp-json\/wp\/v2\/media\/2797"}],"wp:attachment":[{"href":"https:\/\/antonia-austria.at\/en\/wp-json\/wp\/v2\/media?parent=402"}],"curies":[{"name":"wp","href":"https:\/\/api.w.org\/{rel}","templated":true}]}}