{"id":3477,"date":"2021-09-20T11:08:26","date_gmt":"2021-09-20T09:08:26","guid":{"rendered":"https:\/\/antonia-austria.at\/voorwaarden\/"},"modified":"2022-06-12T13:42:35","modified_gmt":"2022-06-12T11:42:35","slug":"voorwaarden","status":"publish","type":"page","link":"https:\/\/antonia-austria.at\/nl\/voorwaarden\/","title":{"rendered":"AGB"},"content":{"rendered":"<p>&nbsp;<\/p>\n<div>\n<h1 style=\"text-align: center;\">Allgemeine Gesch\u00e4ftsbedingungen Landhaus Antonia<\/h1>\n<p><strong>Buchung-Anzahlung:<\/strong> Um Ihre Reservierung f\u00fcr beide Teile verbindlich zu machen, ersuchen wir um schriftliche Best\u00e4tigung und eine Anzahlung von EUR 200,&#8211; pro Appartement und Buchungszeit. Der Restbetrag ist bei Anreise in bar zu bezahlen.<\/p>\n<\/div>\n<div>\n<p><strong>Anreise:<\/strong> Der Bezug der Appartements ist sp\u00e4testens ab 16.00 Uhr m\u00f6glich. Es w\u00fcrde uns freuen, wenn Sie uns Ihre ungef\u00e4hre Ankunftszeit mitteilen k\u00f6nnten &#8211; wir versuchen die Appartements nach geplanter Ankunftszeit &#8211; so fr\u00fch wie m\u00f6glich &#8211; zur Verf\u00fcgung zu stellen. Abreise<strong>:<\/strong>\u00a0 Am Tag der Abreise m\u00fcssen die Appartements bis 10 Uhr \u00fcbergeben werden, um eine ordentliche Reinigung f\u00fcr die folgenden G\u00e4ste zu gew\u00e4hrleisten.<\/p>\n<p><strong>Selbstverst\u00e4ndlich kann bei fr\u00fcherer An- oder sp\u00e4terer Abreise ihr Geb\u00e4ck sicher verwahrt werden.<\/strong><br \/>\n<strong><br \/>\nKaution:<\/strong>\u00a0Je nach Personenanzahl und Gr\u00f6\u00dfe der Appartements ben\u00f6tigen wir eine Sicherstellung von \u20ac 100,&#8211; bis \u20ac 200,&#8211;.<br \/>\nDie Kaution ist bei Anreise in bar zu erlegen und wird selbstverst\u00e4ndlich am Tag der Abreise &#8211; nach ordnungsgem\u00e4\u00dfer \u00dcbergabe, ohne Besch\u00e4digungen &#8211; wieder in bar retourniert.<\/p>\n<\/div>\n<p><strong>Stornierung: Es gelten die Stornobedingungen der \u00f6sterreichischen Hotellerie.<\/strong><\/p>\n<ol>\n<li><strong>R\u00fccktritt durch den Vertragspartner \u2013 Stornogeb\u00fchr<\/strong><br \/>\nBis sp\u00e4testens 3 Monate vor dem vereinbarten Ankunftstag des Gastes kann der Beherbergungsvertrag ohne Entrichtung einer Stornogeb\u00fchr durch einseitige Erkl\u00e4rung durch den Vertragspartner aufgel\u00f6st werden.<br \/>\nAu\u00dferhalb des festgelegten Zeitraums ist ein R\u00fccktritt durch einseitige Erkl\u00e4rung des Vertragspartners nur unter Entrichtung folgender Stornogeb\u00fchren m\u00f6glich:<br \/>\n&#8211; bis 1 Monat vor dem Ankunftstag 40 % vom gesamten Arrangementpreis;<br \/>\n&#8211; bis 1 Woche vor dem Ankunftstag 70 % vom gesamten Arrangementpreis;<br \/>\n&#8211; in der letzten Woche vor dem Ankunftstag 90 % vom gesamten Arrangementpreis.<\/li>\n<li><strong>R\u00fccktritt durch den Beherberger<\/strong><br \/>\nWurde die Anzahlung vom Vertragspartner nicht fristgerecht geleistet, kann der Beherberger ohne Nachfrist vom eherbergungsvertrag zur\u00fccktreten.<br \/>\nFalls der Gast bis 20.00 Uhr des vereinbarten Ankunftstages nicht erscheint, besteht keine Beherbergungspflicht, es sei denn, dass ein sp\u00e4terer Ankunftszeitpunkt vereinbart wurde.<br \/>\nHat der Vertragspartner eine Anzahlung geleistet, so bleiben dagegen die R\u00e4umlichkeiten bis sp\u00e4testens 12.00 Uhr des dem vereinbarten Ankunftstages folgenden Tag reserviert.<br \/>\nBei Vorauszahlung von mehr als vier Tagen endet die Beherbergungspflicht ab 18 Uhr des vierten Tages, wobei der Ankunftstag als erster Tag gerechnet wird, es sei denn, der Gast gibt einen sp\u00e4teren Ankunftstag bekannt.Bis sp\u00e4testens 3 Monate vor dem vereinbarten Ankunftstag des Vertragspartners kann der Beherbergungsvertrag durch den Beherberger, aus sachlich gerechtfertigten Gr\u00fcnden, es sei denn, es wurde etwas anderes vereinbart, durch einseitige Erkl\u00e4rung aufgel\u00f6st werden.<\/li>\n<\/ol>\n<p>&nbsp;<\/p>\n","protected":false},"excerpt":{"rendered":"<p>&nbsp; Allgemeine Gesch\u00e4ftsbedingungen Landhaus Antonia Buchung-Anzahlung: Um Ihre Reservierung f\u00fcr beide Teile verbindlich zu machen, ersuchen wir um schriftliche Best\u00e4tigung und eine Anzahlung von EUR 200,&#8211; pro Appartement und Buchungszeit. [&hellip;]<\/p>\n","protected":false},"author":1,"featured_media":0,"parent":0,"menu_order":0,"comment_status":"closed","ping_status":"closed","template":"","meta":{"inline_featured_image":false,"footnotes":""},"class_list":["post-3477","page","type-page","status-publish","hentry"],"_links":{"self":[{"href":"https:\/\/antonia-austria.at\/nl\/wp-json\/wp\/v2\/pages\/3477","targetHints":{"allow":["GET"]}}],"collection":[{"href":"https:\/\/antonia-austria.at\/nl\/wp-json\/wp\/v2\/pages"}],"about":[{"href":"https:\/\/antonia-austria.at\/nl\/wp-json\/wp\/v2\/types\/page"}],"author":[{"embeddable":true,"href":"https:\/\/antonia-austria.at\/nl\/wp-json\/wp\/v2\/users\/1"}],"replies":[{"embeddable":true,"href":"https:\/\/antonia-austria.at\/nl\/wp-json\/wp\/v2\/comments?post=3477"}],"version-history":[{"count":5,"href":"https:\/\/antonia-austria.at\/nl\/wp-json\/wp\/v2\/pages\/3477\/revisions"}],"predecessor-version":[{"id":7358,"href":"https:\/\/antonia-austria.at\/nl\/wp-json\/wp\/v2\/pages\/3477\/revisions\/7358"}],"wp:attachment":[{"href":"https:\/\/antonia-austria.at\/nl\/wp-json\/wp\/v2\/media?parent=3477"}],"curies":[{"name":"wp","href":"https:\/\/api.w.org\/{rel}","templated":true}]}}